{"id":6408,"date":"2025-10-06T14:43:51","date_gmt":"2025-10-06T06:43:51","guid":{"rendered":"https:\/\/lupengmachinery.com\/?post_type=product&#038;p=6408"},"modified":"2025-10-18T14:22:38","modified_gmt":"2025-10-18T06:22:38","slug":"lawn-mower-80001","status":"publish","type":"product","link":"https:\/\/lupengmachinery.com\/es_cr\/producto\/lawn-mower-80001","title":{"rendered":"Venta directa de f\u00e1brica 500 600 800 1000 1100 mm Crawler Robot Cortadora de C\u00e9sped Cortadora de Hierba de Gasolina Diesel El\u00e9ctrico Cero Gire la cortadora de c\u00e9sped de control remoto con CE"},"content":{"rendered":"<div style=\"width: 1280px;\" class=\"wp-video\"><!--[if lt IE 9]><script>document.createElement('video');<\/script><![endif]-->\n<video class=\"wp-video-shortcode\" id=\"video-6408-1\" width=\"1280\" height=\"720\" preload=\"metadata\" controls=\"controls\"><source type=\"video\/mp4\" src=\"https:\/\/lupengmachinery.com\/wp-content\/uploads\/2025\/10\/2-800-1000\u5e38\u89c4\u5c65\u5e262\u5236\u9020\u7f51\u5df2\u7528_batch.mp4?_=1\" \/><a href=\"https:\/\/lupengmachinery.com\/wp-content\/uploads\/2025\/10\/2-800-1000\u5e38\u89c4\u5c65\u5e262\u5236\u9020\u7f51\u5df2\u7528_batch.mp4\">https:\/\/lupengmachinery.com\/wp-content\/uploads\/2025\/10\/2-800-1000\u5e38\u89c4\u5c65\u5e262\u5236\u9020\u7f51\u5df2\u7528_batch.mp4<\/a><\/video><\/div>\n<p><img fetchpriority=\"high\" decoding=\"async\" class=\"aligncenter size-full wp-image-6351\" src=\"https:\/\/lupengmachinery.com\/wp-content\/uploads\/2025\/10\/\u5272\u8349\u673a_02.jpg\" alt=\"\" width=\"1060\" height=\"1544\" srcset=\"https:\/\/lupengmachinery.com\/wp-content\/uploads\/2025\/10\/\u5272\u8349\u673a_02.jpg 1060w, https:\/\/lupengmachinery.com\/wp-content\/uploads\/2025\/10\/\u5272\u8349\u673a_02-768x1119.jpg 768w, https:\/\/lupengmachinery.com\/wp-content\/uploads\/2025\/10\/\u5272\u8349\u673a_02-1055x1536.jpg 1055w, https:\/\/lupengmachinery.com\/wp-content\/uploads\/2025\/10\/\u5272\u8349\u673a_02-8x12.jpg 8w, https:\/\/lupengmachinery.com\/wp-content\/uploads\/2025\/10\/\u5272\u8349\u673a_02-300x437.jpg 300w\" sizes=\"(max-width: 1060px) 100vw, 1060px\" \/> <img decoding=\"async\" class=\"aligncenter size-full wp-image-6352\" src=\"https:\/\/lupengmachinery.com\/wp-content\/uploads\/2025\/10\/\u5272\u8349\u673a_03.jpg\" alt=\"\" width=\"1060\" height=\"1545\" srcset=\"https:\/\/lupengmachinery.com\/wp-content\/uploads\/2025\/10\/\u5272\u8349\u673a_03.jpg 1060w, https:\/\/lupengmachinery.com\/wp-content\/uploads\/2025\/10\/\u5272\u8349\u673a_03-768x1119.jpg 768w, https:\/\/lupengmachinery.com\/wp-content\/uploads\/2025\/10\/\u5272\u8349\u673a_03-1054x1536.jpg 1054w, https:\/\/lupengmachinery.com\/wp-content\/uploads\/2025\/10\/\u5272\u8349\u673a_03-8x12.jpg 8w, https:\/\/lupengmachinery.com\/wp-content\/uploads\/2025\/10\/\u5272\u8349\u673a_03-300x437.jpg 300w\" sizes=\"(max-width: 1060px) 100vw, 1060px\" \/><\/p>\n<p><audio style=\"display: none;\" controls=\"controls\"><\/audio><\/p>\n<p><audio style=\"display: none;\" controls=\"controls\"><\/audio><\/p>\n<p><audio style=\"display: none;\" controls=\"controls\"><\/audio><\/p>\n<p><audio style=\"display: none;\" controls=\"controls\"><\/audio><\/p>\n<p><audio style=\"display: none;\" controls=\"controls\"><\/audio><\/p>\n<p><audio style=\"display: none;\" controls=\"controls\"><\/audio><\/p>\n<p><audio style=\"display: none;\" controls=\"controls\"><\/audio><\/p>\n<p><audio style=\"display: none;\" controls=\"controls\"><\/audio><\/p>\n<p><audio style=\"display: none;\" controls=\"controls\"><\/audio><\/p>\n<p><audio style=\"display: none;\" controls=\"controls\"><\/audio><\/p>\n<p><audio style=\"display: none;\" controls=\"controls\"><\/audio><\/p>\n<p><audio style=\"display: none;\" controls=\"controls\"><\/audio><\/p>\n<p><audio style=\"display: none;\" controls=\"controls\"><\/audio><\/p>\n<p><audio style=\"display: none;\" controls=\"controls\"><\/audio><\/p>\n<p><audio style=\"display: none;\" controls=\"controls\"><\/audio><\/p>\n<p><audio style=\"display: none;\" controls=\"controls\"><\/audio><\/p>\n<p><audio style=\"display: none;\" controls=\"controls\"><\/audio><\/p>\n<p><audio style=\"display: none;\" controls=\"controls\"><\/audio><\/p>\n<p><audio style=\"display: none;\" controls=\"controls\"><\/audio><\/p>\n<p><audio style=\"display: none;\" controls=\"controls\"><\/audio><\/p>\n\n    <div class=\"xs_social_share_widget xs_share_url after_content \t\tmain_content  wslu-style-1 wslu-share-box-shaped wslu-fill-colored wslu-none wslu-share-horizontal wslu-theme-font-no wslu-main_content\">\n\n\t\t\n        <ul>\n\t\t\t        <\/ul>\n    <\/div>","protected":false},"excerpt":{"rendered":"<p>&nbsp;<\/p>\n<p><audio style=\"display: none;\" controls=\"controls\"><\/audio><\/p>\n<p><audio style=\"display: none;\" controls=\"controls\"><\/audio><\/p>\n<p><audio style=\"display: none;\" controls=\"controls\"><\/audio><\/p>\n<p><audio style=\"display: none;\" controls=\"controls\"><\/audio><\/p>\n<p><audio style=\"display: none;\" controls=\"controls\"><\/audio><\/p>\n<p><audio style=\"display: none;\" controls=\"controls\"><\/audio><\/p>\n<p><audio style=\"display: none;\" controls=\"controls\"><\/audio><\/p>\n<p><audio style=\"display: none;\" controls=\"controls\"><\/audio><\/p>\n<p><audio style=\"display: none;\" controls=\"controls\"><\/audio><\/p>\n<p><audio style=\"display: none;\" controls=\"controls\"><\/audio><\/p>\n<p><audio style=\"display: none;\" controls=\"controls\"><\/audio><\/p>\n<p><audio style=\"display: none;\" controls=\"controls\"><\/audio><\/p>\n<p><audio style=\"display: none;\" controls=\"controls\"><\/audio><\/p>\n<p><audio style=\"display: none;\" controls=\"controls\"><\/audio><\/p>\n<p><audio style=\"display: none;\" controls=\"controls\"><\/audio><\/p>\n<p><audio style=\"display: none;\" controls=\"controls\"><\/audio><\/p>\n<p><audio style=\"display: none;\" controls=\"controls\"><\/audio><\/p>\n<p><audio style=\"display: none;\" controls=\"controls\"><\/audio><\/p>\n<p><audio style=\"display: none;\" controls=\"controls\"><\/audio><\/p>","protected":false},"featured_media":6410,"template":"","meta":{"site-sidebar-layout":"default","site-content-layout":"","ast-site-content-layout":"default","site-content-style":"default","site-sidebar-style":"default","ast-global-header-display":"","ast-banner-title-visibility":"","ast-main-header-display":"","ast-hfb-above-header-display":"","ast-hfb-below-header-display":"","ast-hfb-mobile-header-display":"","site-post-title":"","ast-breadcrumbs-content":"","ast-featured-img":"","footer-sml-layout":"","theme-transparent-header-meta":"default","adv-header-id-meta":"","stick-header-meta":"","header-above-stick-meta":"","header-main-stick-meta":"","header-below-stick-meta":"","astra-migrate-meta-layouts":"set","ast-page-background-enabled":"default","ast-page-background-meta":{"desktop":{"background-color":"var(--ast-global-color-4)","background-image":"","background-repeat":"repeat","background-position":"center center","background-size":"auto","background-attachment":"scroll","background-type":"","background-media":"","overlay-type":"","overlay-color":"","overlay-opacity":"","overlay-gradient":""},"tablet":{"background-color":"","background-image":"","background-repeat":"repeat","background-position":"center center","background-size":"auto","background-attachment":"scroll","background-type":"","background-media":"","overlay-type":"","overlay-color":"","overlay-opacity":"","overlay-gradient":""},"mobile":{"background-color":"","background-image":"","background-repeat":"repeat","background-position":"center center","background-size":"auto","background-attachment":"scroll","background-type":"","background-media":"","overlay-type":"","overlay-color":"","overlay-opacity":"","overlay-gradient":""}},"ast-content-background-meta":{"desktop":{"background-color":"var(--ast-global-color-5)","background-image":"","background-repeat":"repeat","background-position":"center center","background-size":"auto","background-attachment":"scroll","background-type":"","background-media":"","overlay-type":"","overlay-color":"","overlay-opacity":"","overlay-gradient":""},"tablet":{"background-color":"var(--ast-global-color-5)","background-image":"","background-repeat":"repeat","background-position":"center center","background-size":"auto","background-attachment":"scroll","background-type":"","background-media":"","overlay-type":"","overlay-color":"","overlay-opacity":"","overlay-gradient":""},"mobile":{"background-color":"var(--ast-global-color-5)","background-image":"","background-repeat":"repeat","background-position":"center center","background-size":"auto","background-attachment":"scroll","background-type":"","background-media":"","overlay-type":"","overlay-color":"","overlay-opacity":"","overlay-gradient":""}}},"product_brand":[115],"product_cat":[34],"product_tag":[120,114],"class_list":{"0":"post-6408","1":"product","2":"type-product","3":"status-publish","4":"has-post-thumbnail","6":"product_brand-lupeng","7":"product_cat-remote-control-lawn-mower","8":"product_tag-800-1000-lawn-mower","9":"product_tag-lawn-mower","10":"desktop-align-center","11":"tablet-align-left","12":"mobile-align-left","14":"first","15":"instock","16":"shipping-taxable","17":"product-type-simple"},"yoast_head":"<!-- This site is optimized with the Yoast SEO Premium plugin v26.0 (Yoast SEO v26.0) - https:\/\/yoast.com\/wordpress\/plugins\/seo\/ -->\n<title>Factory Direct Sales 500 600 800 1000 1100 mm Crawler Robot Lawn Mower Grass Cutter Machine Gasoline Diesel Electric Zero Turn Remote Control Lawn Mower with CE - LUPENG<\/title>\n<meta name=\"robots\" content=\"index, follow, max-snippet:-1, max-image-preview:large, max-video-preview:-1\" \/>\n<link rel=\"canonical\" href=\"https:\/\/lupengmachinery.com\/es_cr\/producto\/lawn-mower-80001\/\" \/>\n<meta property=\"og:locale\" content=\"es_ES\" \/>\n<meta property=\"og:type\" content=\"article\" \/>\n<meta property=\"og:title\" content=\"Factory Direct Sales 500 600 800 1000 1100 mm Crawler Robot Lawn Mower Grass Cutter Machine Gasoline Diesel Electric Zero Turn Remote Control Lawn Mower with CE\" \/>\n<meta property=\"og:description\" content=\"&nbsp;\" \/>\n<meta property=\"og:url\" content=\"https:\/\/lupengmachinery.com\/es_cr\/producto\/lawn-mower-80001\/\" \/>\n<meta property=\"og:site_name\" content=\"LUPENG\" \/>\n<meta property=\"article:publisher\" content=\"https:\/\/www.facebook.com\/profile.php?id=61577785337606\" \/>\n<meta property=\"article:modified_time\" content=\"2025-10-18T06:22:38+00:00\" \/>\n<meta property=\"og:image\" content=\"https:\/\/lupengmachinery.com\/wp-content\/uploads\/2025\/10\/\u672a\u547d\u540d\u9879\u76ee-\u56fe\u5c42-1-4.png\" \/>\n\t<meta property=\"og:image:width\" content=\"800\" \/>\n\t<meta property=\"og:image:height\" content=\"800\" \/>\n\t<meta property=\"og:image:type\" content=\"image\/png\" \/>\n<meta name=\"twitter:card\" content=\"summary_large_image\" \/>\n<meta name=\"twitter:label1\" content=\"Est. reading time\" \/>\n\t<meta name=\"twitter:data1\" content=\"1 minuto\" \/>\n<script type=\"application\/ld+json\" class=\"yoast-schema-graph\">{\"@context\":\"https:\/\/schema.org\",\"@graph\":[{\"@type\":\"WebPage\",\"@id\":\"https:\/\/lupengmachinery.com\/product\/lawn-mower-80001\",\"url\":\"https:\/\/lupengmachinery.com\/product\/lawn-mower-80001\",\"name\":\"Factory Direct Sales 500 600 800 1000 1100 mm Crawler Robot Lawn Mower Grass Cutter Machine Gasoline Diesel Electric Zero Turn Remote Control Lawn Mower with CE - LUPENG\",\"isPartOf\":{\"@id\":\"https:\/\/lupengmachinery.com\/#website\"},\"primaryImageOfPage\":{\"@id\":\"https:\/\/lupengmachinery.com\/product\/lawn-mower-80001#primaryimage\"},\"image\":{\"@id\":\"https:\/\/lupengmachinery.com\/product\/lawn-mower-80001#primaryimage\"},\"thumbnailUrl\":\"https:\/\/lupengmachinery.com\/wp-content\/uploads\/2025\/10\/\u672a\u547d\u540d\u9879\u76ee-\u56fe\u5c42-1-4.png\",\"datePublished\":\"2025-10-06T06:43:51+00:00\",\"dateModified\":\"2025-10-18T06:22:38+00:00\",\"breadcrumb\":{\"@id\":\"https:\/\/lupengmachinery.com\/product\/lawn-mower-80001#breadcrumb\"},\"inLanguage\":\"es-CR\",\"potentialAction\":[{\"@type\":\"ReadAction\",\"target\":[\"https:\/\/lupengmachinery.com\/product\/lawn-mower-80001\"]}]},{\"@type\":\"ImageObject\",\"inLanguage\":\"es-CR\",\"@id\":\"https:\/\/lupengmachinery.com\/product\/lawn-mower-80001#primaryimage\",\"url\":\"https:\/\/lupengmachinery.com\/wp-content\/uploads\/2025\/10\/\u672a\u547d\u540d\u9879\u76ee-\u56fe\u5c42-1-4.png\",\"contentUrl\":\"https:\/\/lupengmachinery.com\/wp-content\/uploads\/2025\/10\/\u672a\u547d\u540d\u9879\u76ee-\u56fe\u5c42-1-4.png\",\"width\":1328,\"height\":1328,\"caption\":\"remote control lawn mower\"},{\"@type\":\"BreadcrumbList\",\"@id\":\"https:\/\/lupengmachinery.com\/product\/lawn-mower-80001#breadcrumb\",\"itemListElement\":[{\"@type\":\"ListItem\",\"position\":1,\"name\":\"Home\",\"item\":\"https:\/\/lupengmachinery.com\/\"},{\"@type\":\"ListItem\",\"position\":2,\"name\":\"Products\",\"item\":\"https:\/\/lupengmachinery.com\/products\"},{\"@type\":\"ListItem\",\"position\":3,\"name\":\"Municipal Maintenance Equipment\",\"item\":\"https:\/\/lupengmachinery.com\/product-category\/municipal-maintenance-equipment\"},{\"@type\":\"ListItem\",\"position\":4,\"name\":\"Remote Control Lawn Mower\",\"item\":\"https:\/\/lupengmachinery.com\/product-category\/municipal-maintenance-equipment\/remote-control-lawn-mower\"},{\"@type\":\"ListItem\",\"position\":5,\"name\":\"Factory Direct Sales 500 600 800 1000 1100 mm Crawler Robot Lawn Mower Grass Cutter Machine Gasoline Diesel Electric Zero Turn Remote Control Lawn Mower with CE\"}]},{\"@type\":\"WebSite\",\"@id\":\"https:\/\/lupengmachinery.com\/#website\",\"url\":\"https:\/\/lupengmachinery.com\/\",\"name\":\"LUPENG\",\"description\":\"\",\"publisher\":{\"@id\":\"https:\/\/lupengmachinery.com\/#organization\"},\"potentialAction\":[{\"@type\":\"SearchAction\",\"target\":{\"@type\":\"EntryPoint\",\"urlTemplate\":\"https:\/\/lupengmachinery.com\/?s={search_term_string}\"},\"query-input\":{\"@type\":\"PropertyValueSpecification\",\"valueRequired\":true,\"valueName\":\"search_term_string\"}}],\"inLanguage\":\"es-CR\"},{\"@type\":\"Organization\",\"@id\":\"https:\/\/lupengmachinery.com\/#organization\",\"name\":\"LUPENG\",\"url\":\"https:\/\/lupengmachinery.com\/\",\"logo\":{\"@type\":\"ImageObject\",\"inLanguage\":\"es-CR\",\"@id\":\"https:\/\/lupengmachinery.com\/#\/schema\/logo\/image\/\",\"url\":\"https:\/\/lupengmachinery.com\/wp-content\/uploads\/2025\/09\/3-Ton-Electric-Four-Wheel-Forklift-Cost-Effective.png\",\"contentUrl\":\"https:\/\/lupengmachinery.com\/wp-content\/uploads\/2025\/09\/3-Ton-Electric-Four-Wheel-Forklift-Cost-Effective.png\",\"width\":800,\"height\":800,\"caption\":\"LUPENG\"},\"image\":{\"@id\":\"https:\/\/lupengmachinery.com\/#\/schema\/logo\/image\/\"},\"sameAs\":[\"https:\/\/www.facebook.com\/profile.php?id=61577785337606\"]}]}<\/script>\n<!-- \/ Yoast SEO Premium plugin. -->","yoast_head_json":{"title":"Factory Direct Sales 500 600 800 1000 1100 mm Crawler Robot Lawn Mower Grass Cutter Machine Gasoline Diesel Electric Zero Turn Remote Control Lawn Mower with CE - LUPENG","robots":{"index":"index","follow":"follow","max-snippet":"max-snippet:-1","max-image-preview":"max-image-preview:large","max-video-preview":"max-video-preview:-1"},"canonical":"https:\/\/lupengmachinery.com\/es_cr\/producto\/lawn-mower-80001\/","og_locale":"es_ES","og_type":"article","og_title":"Factory Direct Sales 500 600 800 1000 1100 mm Crawler Robot Lawn Mower Grass Cutter Machine Gasoline Diesel Electric Zero Turn Remote Control Lawn Mower with CE","og_description":"&nbsp;","og_url":"https:\/\/lupengmachinery.com\/es_cr\/producto\/lawn-mower-80001\/","og_site_name":"LUPENG","article_publisher":"https:\/\/www.facebook.com\/profile.php?id=61577785337606","article_modified_time":"2025-10-18T06:22:38+00:00","og_image":[{"url":"https:\/\/lupengmachinery.com\/wp-content\/uploads\/2025\/10\/\u672a\u547d\u540d\u9879\u76ee-\u56fe\u5c42-1-4.png","width":800,"height":800,"type":"image\/png"}],"twitter_card":"summary_large_image","twitter_misc":{"Est. reading time":"1 minuto"},"schema":{"@context":"https:\/\/schema.org","@graph":[{"@type":"WebPage","@id":"https:\/\/lupengmachinery.com\/product\/lawn-mower-80001","url":"https:\/\/lupengmachinery.com\/product\/lawn-mower-80001","name":"Factory Direct Sales 500 600 800 1000 1100 mm Crawler Robot Lawn Mower Grass Cutter Machine Gasoline Diesel Electric Zero Turn Remote Control Lawn Mower with CE - LUPENG","isPartOf":{"@id":"https:\/\/lupengmachinery.com\/#website"},"primaryImageOfPage":{"@id":"https:\/\/lupengmachinery.com\/product\/lawn-mower-80001#primaryimage"},"image":{"@id":"https:\/\/lupengmachinery.com\/product\/lawn-mower-80001#primaryimage"},"thumbnailUrl":"https:\/\/lupengmachinery.com\/wp-content\/uploads\/2025\/10\/\u672a\u547d\u540d\u9879\u76ee-\u56fe\u5c42-1-4.png","datePublished":"2025-10-06T06:43:51+00:00","dateModified":"2025-10-18T06:22:38+00:00","breadcrumb":{"@id":"https:\/\/lupengmachinery.com\/product\/lawn-mower-80001#breadcrumb"},"inLanguage":"es-CR","potentialAction":[{"@type":"ReadAction","target":["https:\/\/lupengmachinery.com\/product\/lawn-mower-80001"]}]},{"@type":"ImageObject","inLanguage":"es-CR","@id":"https:\/\/lupengmachinery.com\/product\/lawn-mower-80001#primaryimage","url":"https:\/\/lupengmachinery.com\/wp-content\/uploads\/2025\/10\/\u672a\u547d\u540d\u9879\u76ee-\u56fe\u5c42-1-4.png","contentUrl":"https:\/\/lupengmachinery.com\/wp-content\/uploads\/2025\/10\/\u672a\u547d\u540d\u9879\u76ee-\u56fe\u5c42-1-4.png","width":1328,"height":1328,"caption":"remote control lawn mower"},{"@type":"BreadcrumbList","@id":"https:\/\/lupengmachinery.com\/product\/lawn-mower-80001#breadcrumb","itemListElement":[{"@type":"ListItem","position":1,"name":"Home","item":"https:\/\/lupengmachinery.com\/"},{"@type":"ListItem","position":2,"name":"Products","item":"https:\/\/lupengmachinery.com\/products"},{"@type":"ListItem","position":3,"name":"Municipal Maintenance Equipment","item":"https:\/\/lupengmachinery.com\/product-category\/municipal-maintenance-equipment"},{"@type":"ListItem","position":4,"name":"Remote Control Lawn Mower","item":"https:\/\/lupengmachinery.com\/product-category\/municipal-maintenance-equipment\/remote-control-lawn-mower"},{"@type":"ListItem","position":5,"name":"Factory Direct Sales 500 600 800 1000 1100 mm Crawler Robot Lawn Mower Grass Cutter Machine Gasoline Diesel Electric Zero Turn Remote Control Lawn Mower with CE"}]},{"@type":"WebSite","@id":"https:\/\/lupengmachinery.com\/#website","url":"https:\/\/lupengmachinery.com\/","name":"LUPENG","description":"","publisher":{"@id":"https:\/\/lupengmachinery.com\/#organization"},"potentialAction":[{"@type":"SearchAction","target":{"@type":"EntryPoint","urlTemplate":"https:\/\/lupengmachinery.com\/?s={search_term_string}"},"query-input":{"@type":"PropertyValueSpecification","valueRequired":true,"valueName":"search_term_string"}}],"inLanguage":"es-CR"},{"@type":"Organization","@id":"https:\/\/lupengmachinery.com\/#organization","name":"LUPENG","url":"https:\/\/lupengmachinery.com\/","logo":{"@type":"ImageObject","inLanguage":"es-CR","@id":"https:\/\/lupengmachinery.com\/#\/schema\/logo\/image\/","url":"https:\/\/lupengmachinery.com\/wp-content\/uploads\/2025\/09\/3-Ton-Electric-Four-Wheel-Forklift-Cost-Effective.png","contentUrl":"https:\/\/lupengmachinery.com\/wp-content\/uploads\/2025\/09\/3-Ton-Electric-Four-Wheel-Forklift-Cost-Effective.png","width":800,"height":800,"caption":"LUPENG"},"image":{"@id":"https:\/\/lupengmachinery.com\/#\/schema\/logo\/image\/"},"sameAs":["https:\/\/www.facebook.com\/profile.php?id=61577785337606"]}]}},"_links":{"self":[{"href":"https:\/\/lupengmachinery.com\/es_cr\/wp-json\/wp\/v2\/product\/6408","targetHints":{"allow":["GET"]}}],"collection":[{"href":"https:\/\/lupengmachinery.com\/es_cr\/wp-json\/wp\/v2\/product"}],"about":[{"href":"https:\/\/lupengmachinery.com\/es_cr\/wp-json\/wp\/v2\/types\/product"}],"version-history":[{"count":3,"href":"https:\/\/lupengmachinery.com\/es_cr\/wp-json\/wp\/v2\/product\/6408\/revisions"}],"predecessor-version":[{"id":7261,"href":"https:\/\/lupengmachinery.com\/es_cr\/wp-json\/wp\/v2\/product\/6408\/revisions\/7261"}],"wp:featuredmedia":[{"embeddable":true,"href":"https:\/\/lupengmachinery.com\/es_cr\/wp-json\/wp\/v2\/media\/6410"}],"wp:attachment":[{"href":"https:\/\/lupengmachinery.com\/es_cr\/wp-json\/wp\/v2\/media?parent=6408"}],"wp:term":[{"taxonomy":"product_brand","embeddable":true,"href":"https:\/\/lupengmachinery.com\/es_cr\/wp-json\/wp\/v2\/product_brand?post=6408"},{"taxonomy":"product_cat","embeddable":true,"href":"https:\/\/lupengmachinery.com\/es_cr\/wp-json\/wp\/v2\/product_cat?post=6408"},{"taxonomy":"product_tag","embeddable":true,"href":"https:\/\/lupengmachinery.com\/es_cr\/wp-json\/wp\/v2\/product_tag?post=6408"}],"curies":[{"name":"wp","href":"https:\/\/api.w.org\/{rel}","templated":true}]}}