{"id":7006,"date":"2025-10-11T15:23:46","date_gmt":"2025-10-11T07:23:46","guid":{"rendered":"https:\/\/lupengmachinery.com\/?post_type=product&#038;p=7006"},"modified":"2025-10-18T15:35:02","modified_gmt":"2025-10-18T07:35:02","slug":"mini-excavator02","status":"publish","type":"product","link":"https:\/\/lupengmachinery.com\/es\/producto\/mini-excavator02","title":{"rendered":"Mini Excavadora con EPA para Motor Granja Peque\u00f1a 0.8 Ton 2 Toneladas M\u00e1quina Uso Dom\u00e9stico Mini Excavadora con 1 A\u00f1o de Garant\u00eda"},"content":{"rendered":"<div style=\"width: 1280px;\" class=\"wp-video\"><!--[if lt IE 9]><script>document.createElement('video');<\/script><![endif]-->\n<video class=\"wp-video-shortcode\" id=\"video-7006-1\" width=\"1280\" height=\"720\" preload=\"metadata\" controls=\"controls\"><source type=\"video\/mp4\" src=\"https:\/\/lupengmachinery.com\/wp-content\/uploads\/2025\/10\/mini-digger.mp4?_=1\" \/><a href=\"https:\/\/lupengmachinery.com\/wp-content\/uploads\/2025\/10\/mini-digger.mp4\">https:\/\/lupengmachinery.com\/wp-content\/uploads\/2025\/10\/mini-digger.mp4<\/a><\/video><\/div>\n<p><img fetchpriority=\"high\" decoding=\"async\" class=\"aligncenter size-full wp-image-6996\" src=\"https:\/\/lupengmachinery.com\/wp-content\/uploads\/2025\/10\/\u5c0f\u578b\u6316\u6398\u673a_01.jpg\" alt=\"\" width=\"1060\" height=\"1537\" srcset=\"https:\/\/lupengmachinery.com\/wp-content\/uploads\/2025\/10\/\u5c0f\u578b\u6316\u6398\u673a_01.jpg 1060w, https:\/\/lupengmachinery.com\/wp-content\/uploads\/2025\/10\/\u5c0f\u578b\u6316\u6398\u673a_01-276x400.jpg 276w, https:\/\/lupengmachinery.com\/wp-content\/uploads\/2025\/10\/\u5c0f\u578b\u6316\u6398\u673a_01-552x800.jpg 552w, https:\/\/lupengmachinery.com\/wp-content\/uploads\/2025\/10\/\u5c0f\u578b\u6316\u6398\u673a_01-768x1114.jpg 768w, https:\/\/lupengmachinery.com\/wp-content\/uploads\/2025\/10\/\u5c0f\u578b\u6316\u6398\u673a_01-8x12.jpg 8w, https:\/\/lupengmachinery.com\/wp-content\/uploads\/2025\/10\/\u5c0f\u578b\u6316\u6398\u673a_01-300x435.jpg 300w\" sizes=\"(max-width: 1060px) 100vw, 1060px\" \/> <img decoding=\"async\" class=\"aligncenter size-full wp-image-6997\" src=\"https:\/\/lupengmachinery.com\/wp-content\/uploads\/2025\/10\/\u5c0f\u578b\u6316\u6398\u673a_02.jpg\" alt=\"\" width=\"1060\" height=\"1536\" srcset=\"https:\/\/lupengmachinery.com\/wp-content\/uploads\/2025\/10\/\u5c0f\u578b\u6316\u6398\u673a_02.jpg 1060w, https:\/\/lupengmachinery.com\/wp-content\/uploads\/2025\/10\/\u5c0f\u578b\u6316\u6398\u673a_02-276x400.jpg 276w, https:\/\/lupengmachinery.com\/wp-content\/uploads\/2025\/10\/\u5c0f\u578b\u6316\u6398\u673a_02-552x800.jpg 552w, https:\/\/lupengmachinery.com\/wp-content\/uploads\/2025\/10\/\u5c0f\u578b\u6316\u6398\u673a_02-768x1113.jpg 768w, https:\/\/lupengmachinery.com\/wp-content\/uploads\/2025\/10\/\u5c0f\u578b\u6316\u6398\u673a_02-8x12.jpg 8w, https:\/\/lupengmachinery.com\/wp-content\/uploads\/2025\/10\/\u5c0f\u578b\u6316\u6398\u673a_02-300x435.jpg 300w\" sizes=\"(max-width: 1060px) 100vw, 1060px\" \/> <img decoding=\"async\" class=\"aligncenter size-full wp-image-6998\" src=\"https:\/\/lupengmachinery.com\/wp-content\/uploads\/2025\/10\/\u5c0f\u578b\u6316\u6398\u673a_03.jpg\" alt=\"\" width=\"1060\" height=\"1537\" srcset=\"https:\/\/lupengmachinery.com\/wp-content\/uploads\/2025\/10\/\u5c0f\u578b\u6316\u6398\u673a_03.jpg 1060w, https:\/\/lupengmachinery.com\/wp-content\/uploads\/2025\/10\/\u5c0f\u578b\u6316\u6398\u673a_03-276x400.jpg 276w, https:\/\/lupengmachinery.com\/wp-content\/uploads\/2025\/10\/\u5c0f\u578b\u6316\u6398\u673a_03-552x800.jpg 552w, https:\/\/lupengmachinery.com\/wp-content\/uploads\/2025\/10\/\u5c0f\u578b\u6316\u6398\u673a_03-768x1114.jpg 768w, https:\/\/lupengmachinery.com\/wp-content\/uploads\/2025\/10\/\u5c0f\u578b\u6316\u6398\u673a_03-8x12.jpg 8w, https:\/\/lupengmachinery.com\/wp-content\/uploads\/2025\/10\/\u5c0f\u578b\u6316\u6398\u673a_03-300x435.jpg 300w\" sizes=\"(max-width: 1060px) 100vw, 1060px\" \/><\/p>\n<p><audio style=\"display: none;\" controls=\"controls\"><\/audio><\/p>\n<p><audio style=\"display: none;\" controls=\"controls\"><\/audio><\/p>\n<p><audio style=\"display: none;\" controls=\"controls\"><\/audio><\/p>\n<p><audio style=\"display: none;\" controls=\"controls\"><\/audio><\/p>\n<p><audio style=\"display: none;\" controls=\"controls\"><\/audio><\/p>\n\n    <div class=\"xs_social_share_widget xs_share_url after_content \t\tmain_content  wslu-style-1 wslu-share-box-shaped wslu-fill-colored wslu-none wslu-share-horizontal wslu-theme-font-no wslu-main_content\">\n\n\t\t\n        <ul>\n\t\t\t        <\/ul>\n    <\/div>","protected":false},"excerpt":{"rendered":"<p>&nbsp;<\/p>\n<p><audio style=\"display: none;\" controls=\"controls\"><\/audio><\/p>\n<p><audio style=\"display: none;\" controls=\"controls\"><\/audio><\/p>\n<p><audio style=\"display: none;\" controls=\"controls\"><\/audio><\/p>\n<p><audio style=\"display: none;\" controls=\"controls\"><\/audio><\/p>\n<p><audio style=\"display: none;\" controls=\"controls\"><\/audio><\/p>","protected":false},"featured_media":7008,"template":"","meta":{"site-sidebar-layout":"default","site-content-layout":"","ast-site-content-layout":"default","site-content-style":"default","site-sidebar-style":"default","ast-global-header-display":"","ast-banner-title-visibility":"","ast-main-header-display":"","ast-hfb-above-header-display":"","ast-hfb-below-header-display":"","ast-hfb-mobile-header-display":"","site-post-title":"","ast-breadcrumbs-content":"","ast-featured-img":"","footer-sml-layout":"","theme-transparent-header-meta":"default","adv-header-id-meta":"","stick-header-meta":"","header-above-stick-meta":"","header-main-stick-meta":"","header-below-stick-meta":"","astra-migrate-meta-layouts":"set","ast-page-background-enabled":"default","ast-page-background-meta":{"desktop":{"background-color":"var(--ast-global-color-4)","background-image":"","background-repeat":"repeat","background-position":"center center","background-size":"auto","background-attachment":"scroll","background-type":"","background-media":"","overlay-type":"","overlay-color":"","overlay-opacity":"","overlay-gradient":""},"tablet":{"background-color":"","background-image":"","background-repeat":"repeat","background-position":"center center","background-size":"auto","background-attachment":"scroll","background-type":"","background-media":"","overlay-type":"","overlay-color":"","overlay-opacity":"","overlay-gradient":""},"mobile":{"background-color":"","background-image":"","background-repeat":"repeat","background-position":"center center","background-size":"auto","background-attachment":"scroll","background-type":"","background-media":"","overlay-type":"","overlay-color":"","overlay-opacity":"","overlay-gradient":""}},"ast-content-background-meta":{"desktop":{"background-color":"var(--ast-global-color-5)","background-image":"","background-repeat":"repeat","background-position":"center center","background-size":"auto","background-attachment":"scroll","background-type":"","background-media":"","overlay-type":"","overlay-color":"","overlay-opacity":"","overlay-gradient":""},"tablet":{"background-color":"var(--ast-global-color-5)","background-image":"","background-repeat":"repeat","background-position":"center center","background-size":"auto","background-attachment":"scroll","background-type":"","background-media":"","overlay-type":"","overlay-color":"","overlay-opacity":"","overlay-gradient":""},"mobile":{"background-color":"var(--ast-global-color-5)","background-image":"","background-repeat":"repeat","background-position":"center center","background-size":"auto","background-attachment":"scroll","background-type":"","background-media":"","overlay-type":"","overlay-color":"","overlay-opacity":"","overlay-gradient":""}}},"product_brand":[115],"product_cat":[61],"product_tag":[126],"class_list":{"0":"post-7006","1":"product","2":"type-product","3":"status-publish","4":"has-post-thumbnail","6":"product_brand-lupeng","7":"product_cat-small-excavator","8":"product_tag-mini-excavator","9":"desktop-align-center","10":"tablet-align-left","11":"mobile-align-left","13":"first","14":"instock","15":"shipping-taxable","16":"product-type-simple"},"yoast_head":"<!-- This site is optimized with the Yoast SEO Premium plugin v26.0 (Yoast SEO v26.0) - https:\/\/yoast.com\/wordpress\/plugins\/seo\/ -->\n<title>Mini Excavator with EPA for Engine Farm Small 0.8 Ton 2 Tons Machine Home Use Mini Digger with 1 Year Warranty - LUPENG<\/title>\n<meta name=\"robots\" content=\"index, follow, max-snippet:-1, max-image-preview:large, max-video-preview:-1\" \/>\n<link rel=\"canonical\" href=\"https:\/\/lupengmachinery.com\/es\/producto\/mini-excavator02\/\" \/>\n<meta property=\"og:locale\" content=\"es_MX\" \/>\n<meta property=\"og:type\" content=\"article\" \/>\n<meta property=\"og:title\" content=\"Mini Excavator with EPA for Engine Farm Small 0.8 Ton 2 Tons Machine Home Use Mini Digger with 1 Year Warranty\" \/>\n<meta property=\"og:description\" content=\"&nbsp;\" \/>\n<meta property=\"og:url\" content=\"https:\/\/lupengmachinery.com\/es\/producto\/mini-excavator02\/\" \/>\n<meta property=\"og:site_name\" content=\"LUPENG\" \/>\n<meta property=\"article:publisher\" content=\"https:\/\/www.facebook.com\/profile.php?id=61577785337606\" \/>\n<meta property=\"article:modified_time\" content=\"2025-10-18T07:35:02+00:00\" \/>\n<meta property=\"og:image\" content=\"https:\/\/lupengmachinery.com\/wp-content\/uploads\/2025\/10\/BH6A6734-\u62f7\u8d1d-800x800.jpg\" \/>\n\t<meta property=\"og:image:width\" content=\"800\" \/>\n\t<meta property=\"og:image:height\" content=\"800\" \/>\n\t<meta property=\"og:image:type\" content=\"image\/jpeg\" \/>\n<meta name=\"twitter:card\" content=\"summary_large_image\" \/>\n<meta name=\"twitter:label1\" content=\"Tiempo de lectura\" \/>\n\t<meta name=\"twitter:data1\" content=\"1 minuto\" \/>\n<script type=\"application\/ld+json\" class=\"yoast-schema-graph\">{\"@context\":\"https:\/\/schema.org\",\"@graph\":[{\"@type\":\"WebPage\",\"@id\":\"https:\/\/lupengmachinery.com\/product\/mini-excavator02\",\"url\":\"https:\/\/lupengmachinery.com\/product\/mini-excavator02\",\"name\":\"Mini Excavator with EPA for Engine Farm Small 0.8 Ton 2 Tons Machine Home Use Mini Digger with 1 Year Warranty - LUPENG\",\"isPartOf\":{\"@id\":\"https:\/\/lupengmachinery.com\/#website\"},\"primaryImageOfPage\":{\"@id\":\"https:\/\/lupengmachinery.com\/product\/mini-excavator02#primaryimage\"},\"image\":{\"@id\":\"https:\/\/lupengmachinery.com\/product\/mini-excavator02#primaryimage\"},\"thumbnailUrl\":\"https:\/\/lupengmachinery.com\/wp-content\/uploads\/2025\/10\/BH6A6734-\u62f7\u8d1d-scaled.jpg\",\"datePublished\":\"2025-10-11T07:23:46+00:00\",\"dateModified\":\"2025-10-18T07:35:02+00:00\",\"breadcrumb\":{\"@id\":\"https:\/\/lupengmachinery.com\/product\/mini-excavator02#breadcrumb\"},\"inLanguage\":\"es\",\"potentialAction\":[{\"@type\":\"ReadAction\",\"target\":[\"https:\/\/lupengmachinery.com\/product\/mini-excavator02\"]}]},{\"@type\":\"ImageObject\",\"inLanguage\":\"es\",\"@id\":\"https:\/\/lupengmachinery.com\/product\/mini-excavator02#primaryimage\",\"url\":\"https:\/\/lupengmachinery.com\/wp-content\/uploads\/2025\/10\/BH6A6734-\u62f7\u8d1d-scaled.jpg\",\"contentUrl\":\"https:\/\/lupengmachinery.com\/wp-content\/uploads\/2025\/10\/BH6A6734-\u62f7\u8d1d-scaled.jpg\",\"width\":2560,\"height\":2560,\"caption\":\"mini digger\"},{\"@type\":\"BreadcrumbList\",\"@id\":\"https:\/\/lupengmachinery.com\/product\/mini-excavator02#breadcrumb\",\"itemListElement\":[{\"@type\":\"ListItem\",\"position\":1,\"name\":\"Home\",\"item\":\"https:\/\/lupengmachinery.com\/\"},{\"@type\":\"ListItem\",\"position\":2,\"name\":\"Products\",\"item\":\"https:\/\/lupengmachinery.com\/products\"},{\"@type\":\"ListItem\",\"position\":3,\"name\":\"Construction Equipment\",\"item\":\"https:\/\/lupengmachinery.com\/product-category\/construction-equipment\"},{\"@type\":\"ListItem\",\"position\":4,\"name\":\"Small Excavator\",\"item\":\"https:\/\/lupengmachinery.com\/product-category\/construction-equipment\/small-excavator\"},{\"@type\":\"ListItem\",\"position\":5,\"name\":\"Mini Excavator with EPA for Engine Farm Small 0.8 Ton 2 Tons Machine Home Use Mini Digger with 1 Year Warranty\"}]},{\"@type\":\"WebSite\",\"@id\":\"https:\/\/lupengmachinery.com\/#website\",\"url\":\"https:\/\/lupengmachinery.com\/\",\"name\":\"LUPENG\",\"description\":\"\",\"publisher\":{\"@id\":\"https:\/\/lupengmachinery.com\/#organization\"},\"potentialAction\":[{\"@type\":\"SearchAction\",\"target\":{\"@type\":\"EntryPoint\",\"urlTemplate\":\"https:\/\/lupengmachinery.com\/?s={search_term_string}\"},\"query-input\":{\"@type\":\"PropertyValueSpecification\",\"valueRequired\":true,\"valueName\":\"search_term_string\"}}],\"inLanguage\":\"es\"},{\"@type\":\"Organization\",\"@id\":\"https:\/\/lupengmachinery.com\/#organization\",\"name\":\"LUPENG\",\"url\":\"https:\/\/lupengmachinery.com\/\",\"logo\":{\"@type\":\"ImageObject\",\"inLanguage\":\"es\",\"@id\":\"https:\/\/lupengmachinery.com\/#\/schema\/logo\/image\/\",\"url\":\"https:\/\/lupengmachinery.com\/wp-content\/uploads\/2025\/09\/3-Ton-Electric-Four-Wheel-Forklift-Cost-Effective.png\",\"contentUrl\":\"https:\/\/lupengmachinery.com\/wp-content\/uploads\/2025\/09\/3-Ton-Electric-Four-Wheel-Forklift-Cost-Effective.png\",\"width\":800,\"height\":800,\"caption\":\"LUPENG\"},\"image\":{\"@id\":\"https:\/\/lupengmachinery.com\/#\/schema\/logo\/image\/\"},\"sameAs\":[\"https:\/\/www.facebook.com\/profile.php?id=61577785337606\"]}]}<\/script>\n<!-- \/ Yoast SEO Premium plugin. -->","yoast_head_json":{"title":"Mini Excavator with EPA for Engine Farm Small 0.8 Ton 2 Tons Machine Home Use Mini Digger with 1 Year Warranty - LUPENG","robots":{"index":"index","follow":"follow","max-snippet":"max-snippet:-1","max-image-preview":"max-image-preview:large","max-video-preview":"max-video-preview:-1"},"canonical":"https:\/\/lupengmachinery.com\/es\/producto\/mini-excavator02\/","og_locale":"es_MX","og_type":"article","og_title":"Mini Excavator with EPA for Engine Farm Small 0.8 Ton 2 Tons Machine Home Use Mini Digger with 1 Year Warranty","og_description":"&nbsp;","og_url":"https:\/\/lupengmachinery.com\/es\/producto\/mini-excavator02\/","og_site_name":"LUPENG","article_publisher":"https:\/\/www.facebook.com\/profile.php?id=61577785337606","article_modified_time":"2025-10-18T07:35:02+00:00","og_image":[{"width":800,"height":800,"url":"https:\/\/lupengmachinery.com\/wp-content\/uploads\/2025\/10\/BH6A6734-\u62f7\u8d1d-800x800.jpg","type":"image\/jpeg"}],"twitter_card":"summary_large_image","twitter_misc":{"Tiempo de lectura":"1 minuto"},"schema":{"@context":"https:\/\/schema.org","@graph":[{"@type":"WebPage","@id":"https:\/\/lupengmachinery.com\/product\/mini-excavator02","url":"https:\/\/lupengmachinery.com\/product\/mini-excavator02","name":"Mini Excavator with EPA for Engine Farm Small 0.8 Ton 2 Tons Machine Home Use Mini Digger with 1 Year Warranty - LUPENG","isPartOf":{"@id":"https:\/\/lupengmachinery.com\/#website"},"primaryImageOfPage":{"@id":"https:\/\/lupengmachinery.com\/product\/mini-excavator02#primaryimage"},"image":{"@id":"https:\/\/lupengmachinery.com\/product\/mini-excavator02#primaryimage"},"thumbnailUrl":"https:\/\/lupengmachinery.com\/wp-content\/uploads\/2025\/10\/BH6A6734-\u62f7\u8d1d-scaled.jpg","datePublished":"2025-10-11T07:23:46+00:00","dateModified":"2025-10-18T07:35:02+00:00","breadcrumb":{"@id":"https:\/\/lupengmachinery.com\/product\/mini-excavator02#breadcrumb"},"inLanguage":"es","potentialAction":[{"@type":"ReadAction","target":["https:\/\/lupengmachinery.com\/product\/mini-excavator02"]}]},{"@type":"ImageObject","inLanguage":"es","@id":"https:\/\/lupengmachinery.com\/product\/mini-excavator02#primaryimage","url":"https:\/\/lupengmachinery.com\/wp-content\/uploads\/2025\/10\/BH6A6734-\u62f7\u8d1d-scaled.jpg","contentUrl":"https:\/\/lupengmachinery.com\/wp-content\/uploads\/2025\/10\/BH6A6734-\u62f7\u8d1d-scaled.jpg","width":2560,"height":2560,"caption":"mini digger"},{"@type":"BreadcrumbList","@id":"https:\/\/lupengmachinery.com\/product\/mini-excavator02#breadcrumb","itemListElement":[{"@type":"ListItem","position":1,"name":"Home","item":"https:\/\/lupengmachinery.com\/"},{"@type":"ListItem","position":2,"name":"Products","item":"https:\/\/lupengmachinery.com\/products"},{"@type":"ListItem","position":3,"name":"Construction Equipment","item":"https:\/\/lupengmachinery.com\/product-category\/construction-equipment"},{"@type":"ListItem","position":4,"name":"Small Excavator","item":"https:\/\/lupengmachinery.com\/product-category\/construction-equipment\/small-excavator"},{"@type":"ListItem","position":5,"name":"Mini Excavator with EPA for Engine Farm Small 0.8 Ton 2 Tons Machine Home Use Mini Digger with 1 Year Warranty"}]},{"@type":"WebSite","@id":"https:\/\/lupengmachinery.com\/#website","url":"https:\/\/lupengmachinery.com\/","name":"LUPENG","description":"","publisher":{"@id":"https:\/\/lupengmachinery.com\/#organization"},"potentialAction":[{"@type":"SearchAction","target":{"@type":"EntryPoint","urlTemplate":"https:\/\/lupengmachinery.com\/?s={search_term_string}"},"query-input":{"@type":"PropertyValueSpecification","valueRequired":true,"valueName":"search_term_string"}}],"inLanguage":"es"},{"@type":"Organization","@id":"https:\/\/lupengmachinery.com\/#organization","name":"LUPENG","url":"https:\/\/lupengmachinery.com\/","logo":{"@type":"ImageObject","inLanguage":"es","@id":"https:\/\/lupengmachinery.com\/#\/schema\/logo\/image\/","url":"https:\/\/lupengmachinery.com\/wp-content\/uploads\/2025\/09\/3-Ton-Electric-Four-Wheel-Forklift-Cost-Effective.png","contentUrl":"https:\/\/lupengmachinery.com\/wp-content\/uploads\/2025\/09\/3-Ton-Electric-Four-Wheel-Forklift-Cost-Effective.png","width":800,"height":800,"caption":"LUPENG"},"image":{"@id":"https:\/\/lupengmachinery.com\/#\/schema\/logo\/image\/"},"sameAs":["https:\/\/www.facebook.com\/profile.php?id=61577785337606"]}]}},"_links":{"self":[{"href":"https:\/\/lupengmachinery.com\/es\/wp-json\/wp\/v2\/product\/7006","targetHints":{"allow":["GET"]}}],"collection":[{"href":"https:\/\/lupengmachinery.com\/es\/wp-json\/wp\/v2\/product"}],"about":[{"href":"https:\/\/lupengmachinery.com\/es\/wp-json\/wp\/v2\/types\/product"}],"version-history":[{"count":3,"href":"https:\/\/lupengmachinery.com\/es\/wp-json\/wp\/v2\/product\/7006\/revisions"}],"predecessor-version":[{"id":7276,"href":"https:\/\/lupengmachinery.com\/es\/wp-json\/wp\/v2\/product\/7006\/revisions\/7276"}],"wp:featuredmedia":[{"embeddable":true,"href":"https:\/\/lupengmachinery.com\/es\/wp-json\/wp\/v2\/media\/7008"}],"wp:attachment":[{"href":"https:\/\/lupengmachinery.com\/es\/wp-json\/wp\/v2\/media?parent=7006"}],"wp:term":[{"taxonomy":"product_brand","embeddable":true,"href":"https:\/\/lupengmachinery.com\/es\/wp-json\/wp\/v2\/product_brand?post=7006"},{"taxonomy":"product_cat","embeddable":true,"href":"https:\/\/lupengmachinery.com\/es\/wp-json\/wp\/v2\/product_cat?post=7006"},{"taxonomy":"product_tag","embeddable":true,"href":"https:\/\/lupengmachinery.com\/es\/wp-json\/wp\/v2\/product_tag?post=7006"}],"curies":[{"name":"wp","href":"https:\/\/api.w.org\/{rel}","templated":true}]}}